{"id":8787,"date":"2022-09-06T11:49:32","date_gmt":"2022-09-06T11:49:32","guid":{"rendered":"https:\/\/mgwsolar.com\/cookie-policy\/"},"modified":"2025-01-10T12:31:27","modified_gmt":"2025-01-10T04:31:27","slug":"cookie-policy","status":"publish","type":"page","link":"https:\/\/www.mgwsolar.com\/de\/cookie-policy\/","title":{"rendered":"Cookie-Politik"},"content":{"rendered":"<div data-elementor-type=\"wp-page\" data-elementor-id=\"8787\" class=\"elementor elementor-8787\" data-elementor-post-type=\"page\">\n\t\t\t\t<div class=\"elementor-element elementor-element-ce58485 e-flex e-con-boxed e-con e-parent\" data-id=\"ce58485\" data-element_type=\"container\" data-e-type=\"container\">\n\t\t\t\t\t<div class=\"e-con-inner\">\n\t\t\t\t<div class=\"elementor-element elementor-element-4e39789 elementor-widget elementor-widget-text-editor\" data-id=\"4e39789\" data-element_type=\"widget\" data-e-type=\"widget\" data-widget_type=\"text-editor.default\">\n\t\t\t\t<div class=\"elementor-widget-container\">\n\t\t\t\t\t\t\t\t\t<h2>Auslegung und Definitionen<\/h2><h3>Auslegung<\/h3><p>Die W\u00f6rter, deren Anfangsbuchstaben gro\u00df geschrieben sind, haben die unter den nachstehenden Bedingungen definierte Bedeutung. Die folgenden Definitionen haben dieselbe Bedeutung, unabh\u00e4ngig davon, ob sie im Singular oder im Plural stehen.<\/p><hr class=\"the7-p-gap\" style=\"padding-bottom: 30px;\" data-wp-editing=\"1\" \/><h3>Definitionen<\/h3><p>F\u00fcr die Zwecke dieser Cookie-Richtlinie:<\/p><p>- Unternehmen\" (in dieser Cookie-Richtlinie entweder als \"das Unternehmen\", \"wir\", \"uns\" oder \"unser\" bezeichnet) bezieht sich auf [Megawa Solar].<\/p><p>- Cookies\" sind kleine Dateien, die von einer Website auf Ihrem Computer, Ihrem Mobilger\u00e4t oder einem anderen Ger\u00e4t abgelegt werden und unter anderem Angaben zu Ihrem Surfverhalten auf dieser Website enthalten.<\/p><p>- Website\" bezieht sich auf [Megawa company site], die \u00fcber [mgwsolar.com] zug\u00e4nglich ist.<\/p><p>- Sie\" bezeichnet die Einzelperson, die auf die Website zugreift oder sie nutzt, oder ein Unternehmen oder eine juristische Person, in deren Namen eine solche Einzelperson auf die Website zugreift oder sie nutzt, je nach Fall.<\/p><hr class=\"the7-p-gap\" style=\"padding-bottom: 60px;\" \/><h2>Die Verwendung von Cookies<\/h2><h3>Art der von uns verwendeten Cookies<\/h3><p>Cookies k\u00f6nnen \"dauerhafte\" oder \"Sitzungs\"-Cookies sein. Dauerhafte Cookies verbleiben auf Ihrem Computer oder Mobilger\u00e4t, wenn Sie offline gehen, w\u00e4hrend Sitzungscookies gel\u00f6scht werden, sobald Sie Ihren Webbrowser schlie\u00dfen.<\/p><hr class=\"the7-p-gap\" style=\"padding-bottom: 30px;\" \/><h3>Wir verwenden sowohl Sitzungscookies als auch dauerhafte Cookies f\u00fcr die unten genannten Zwecke:<\/h3><p>- Notwendige \/ wesentliche Cookies Typ: Sitzungscookies Verwaltet von: Wir Zweck: Diese Cookies sind unerl\u00e4sslich, um Ihnen die \u00fcber die Website verf\u00fcgbaren Dienste zur Verf\u00fcgung zu stellen und Ihnen die Nutzung einiger ihrer Funktionen zu erm\u00f6glichen. Sie helfen bei der Authentifizierung von Benutzern und verhindern die betr\u00fcgerische Nutzung von Benutzerkonten. Ohne diese Cookies k\u00f6nnen die von Ihnen angeforderten Dienste nicht bereitgestellt werden, und wir verwenden diese Cookies nur, um Ihnen diese Dienste zur Verf\u00fcgung zu stellen.<\/p><p>- Cookies Politik \/ Hinweis Akzeptanz Cookies Typ: Dauerhafte Cookies Verwaltet von: Wir Zweck: Diese Cookies zeigen an, ob die Benutzer die Verwendung von Cookies auf der Website akzeptiert haben.<\/p><p>- Funktionalit\u00e4t Cookies Typ: Dauerhafte Cookies Verwaltet von: Uns Zweck: Diese Cookies erm\u00f6glichen es uns, die von Ihnen bei der Nutzung der Website getroffenen Entscheidungen zu speichern, wie z. B. Ihre Anmeldedaten oder Ihre Spracheinstellung. Der Zweck dieser Cookies ist es, Ihnen eine pers\u00f6nlichere Erfahrung zu bieten und zu vermeiden, dass Sie Ihre Pr\u00e4ferenzen jedes Mal neu eingeben m\u00fcssen, wenn Sie die Website nutzen.<\/p><p>- Tracking und Performance Cookies Typ: Dauerhafte Cookies Verwaltet von: Dritte Zweck: Diese Cookies werden verwendet, um Informationen \u00fcber den Verkehr auf der Website und die Nutzung der Website durch die Benutzer zu verfolgen. Die \u00fcber diese Cookies gesammelten Informationen k\u00f6nnen Sie direkt oder indirekt als individuellen Besucher identifizieren. Dies liegt daran, dass die gesammelten Informationen in der Regel mit einer pseudonymen Kennung verkn\u00fcpft sind, die mit dem Ger\u00e4t verbunden ist, das Sie f\u00fcr den Zugriff auf die Website verwenden. Wir k\u00f6nnen diese Cookies auch verwenden, um neue Anzeigen, Seiten, Funktionen oder neue Funktionen der Website zu testen, um zu sehen, wie unsere Nutzer darauf reagieren.<\/p><hr class=\"the7-p-gap\" style=\"padding-bottom: 60px;\" \/><h2>Ihre Wahlm\u00f6glichkeiten in Bezug auf Cookies<\/h2><p>Wenn Sie die Verwendung von Cookies auf der Website vermeiden m\u00f6chten, m\u00fcssen Sie zun\u00e4chst die Verwendung von Cookies in Ihrem Browser deaktivieren und dann die in Ihrem Browser gespeicherten Cookies im Zusammenhang mit dieser Website l\u00f6schen. Sie k\u00f6nnen diese Option zur Verhinderung der Verwendung von Cookies jederzeit nutzen.<\/p><p>Wenn Sie unsere Cookies nicht akzeptieren, kann es zu Unannehmlichkeiten bei der Nutzung der Website kommen, und einige Funktionen funktionieren m\u00f6glicherweise nicht richtig.<\/p><p>Wenn Sie Cookies l\u00f6schen m\u00f6chten oder Ihren Webbrowser anweisen m\u00f6chten, Cookies zu l\u00f6schen oder abzulehnen, besuchen Sie bitte die Hilfeseiten Ihres Webbrowsers.<\/p><p>F\u00fcr den Webbrowser Chrome besuchen Sie bitte diese Seite von Google: https:\/\/support.google.com\/accounts\/answer\/32050<\/p><p>F\u00fcr den Webbrowser Internet Explorer besuchen Sie bitte diese Seite von Microsoft: http:\/\/support.microsoft.com\/kb\/278835<\/p><p>F\u00fcr den Firefox-Webbrowser besuchen Sie bitte diese Seite von Mozilla: https:\/\/support.mozilla.org\/en-US\/kb\/delete-cookies-remove-info-websites-stored<\/p><p>F\u00fcr den Safari-Webbrowser besuchen Sie bitte diese Seite von Apple: https:\/\/support.apple.com\/guide\/safari\/manage-cookies-and-website-data-sfri11471\/mac<\/p><p>F\u00fcr alle anderen Webbrowser besuchen Sie bitte die offiziellen Webseiten Ihres Webbrowsers.<\/p><hr class=\"the7-p-gap\" style=\"padding-bottom: 60px;\" \/><h2>Kontakt<\/h2><p>Wenn Sie Fragen zu dieser Cookie-Politik haben, k\u00f6nnen Sie uns kontaktieren:<\/p><p>- Durch den Besuch dieser Seite auf unserer Website: [<a href=\"https:\/\/www.mgwsolar.com\/de\/\">mgwsolar.de<\/a>]<br \/>- Senden Sie uns eine E-Mail: [<a href=\"mailto:info@mgwsolar.com\">info@mgwsolar.com<\/a>]<\/p>\t\t\t\t\t\t\t\t<\/div>\n\t\t\t\t<\/div>\n\t\t\t\t\t<\/div>\n\t\t\t\t<\/div>\n\t\t\t\t<\/div>","protected":false},"excerpt":{"rendered":"<p>Interpretation and Definitions Interpretation The words of which the initial letter is capitalized have meanings defined under the following conditions. The following definitions shall have the same meaning regardless of whether they appear in singular or in plural. Definitions For the purposes of this Cookies Policy: \u2022 \u201cCompany\u201d (referred to as either &#8220;the Company&#8221;, &#8220;We&#8221;,&hellip;<\/p>","protected":false},"author":1,"featured_media":0,"parent":0,"menu_order":75,"comment_status":"closed","ping_status":"closed","template":"","meta":{"_acf_changed":false,"footnotes":""},"class_list":["post-8787","page","type-page","status-publish","hentry"],"acf":[],"yoast_head":"<!-- This site is optimized with the Yoast SEO plugin v26.2 - https:\/\/yoast.com\/wordpress\/plugins\/seo\/ -->\n<title>Cookie policy - Megawa Solar<\/title>\n<meta name=\"robots\" content=\"index, follow, max-snippet:-1, max-image-preview:large, max-video-preview:-1\" \/>\n<link rel=\"canonical\" href=\"https:\/\/www.mgwsolar.com\/de\/cookie-policy\/\" \/>\n<meta property=\"og:locale\" content=\"de_DE\" \/>\n<meta property=\"og:type\" content=\"article\" \/>\n<meta property=\"og:title\" content=\"Cookie policy - Megawa Solar\" \/>\n<meta property=\"og:description\" content=\"Interpretation and Definitions Interpretation The words of which the initial letter is capitalized have meanings defined under the following conditions. The following definitions shall have the same meaning regardless of whether they appear in singular or in plural. Definitions For the purposes of this Cookies Policy: \u2022 \u201cCompany\u201d (referred to as either &#8220;the Company&#8221;, &#8220;We&#8221;,&hellip;\" \/>\n<meta property=\"og:url\" content=\"https:\/\/www.mgwsolar.com\/de\/cookie-policy\/\" \/>\n<meta property=\"og:site_name\" content=\"Megawa Solar\" \/>\n<meta property=\"article:modified_time\" content=\"2025-01-10T04:31:27+00:00\" \/>\n<meta name=\"twitter:card\" content=\"summary_large_image\" \/>\n<meta name=\"twitter:label1\" content=\"Gesch\u00e4tzte Lesezeit\" \/>\n\t<meta name=\"twitter:data1\" content=\"3\u00a0Minuten\" \/>\n<script type=\"application\/ld+json\" class=\"yoast-schema-graph\">{\"@context\":\"https:\/\/schema.org\",\"@graph\":[{\"@type\":\"WebPage\",\"@id\":\"https:\/\/www.mgwsolar.com\/ar\/cookie-policy\/\",\"url\":\"https:\/\/www.mgwsolar.com\/ar\/cookie-policy\/\",\"name\":\"Cookie policy - Megawa Solar\",\"isPartOf\":{\"@id\":\"https:\/\/www.mgwsolar.com\/es\/#website\"},\"datePublished\":\"2022-09-06T11:49:32+00:00\",\"dateModified\":\"2025-01-10T04:31:27+00:00\",\"breadcrumb\":{\"@id\":\"https:\/\/www.mgwsolar.com\/ar\/cookie-policy\/#breadcrumb\"},\"inLanguage\":\"de\",\"potentialAction\":[{\"@type\":\"ReadAction\",\"target\":[\"https:\/\/www.mgwsolar.com\/ar\/cookie-policy\/\"]}]},{\"@type\":\"BreadcrumbList\",\"@id\":\"https:\/\/www.mgwsolar.com\/ar\/cookie-policy\/#breadcrumb\",\"itemListElement\":[{\"@type\":\"ListItem\",\"position\":1,\"name\":\"Home\",\"item\":\"https:\/\/www.mgwsolar.com\/es\/\"},{\"@type\":\"ListItem\",\"position\":2,\"name\":\"Cookie policy\"}]},{\"@type\":\"WebSite\",\"@id\":\"https:\/\/www.mgwsolar.com\/es\/#website\",\"url\":\"https:\/\/www.mgwsolar.com\/es\/\",\"name\":\"Megawa Solar\",\"description\":\"Megawa Official\",\"publisher\":{\"@id\":\"https:\/\/www.mgwsolar.com\/es\/#organization\"},\"alternateName\":\"Megawa\",\"potentialAction\":[{\"@type\":\"SearchAction\",\"target\":{\"@type\":\"EntryPoint\",\"urlTemplate\":\"https:\/\/www.mgwsolar.com\/es\/?s={search_term_string}\"},\"query-input\":{\"@type\":\"PropertyValueSpecification\",\"valueRequired\":true,\"valueName\":\"search_term_string\"}}],\"inLanguage\":\"de\"},{\"@type\":\"Organization\",\"@id\":\"https:\/\/www.mgwsolar.com\/es\/#organization\",\"name\":\"Megawa Solar\",\"alternateName\":\"Megawa\",\"url\":\"https:\/\/www.mgwsolar.com\/es\/\",\"logo\":{\"@type\":\"ImageObject\",\"inLanguage\":\"de\",\"@id\":\"https:\/\/www.mgwsolar.com\/es\/#\/schema\/logo\/image\/\",\"url\":\"https:\/\/www.mgwsolar.com\/wp-content\/uploads\/2024\/12\/cropped-cropped-Megawa-Solar500-300x54-1.png\",\"contentUrl\":\"https:\/\/www.mgwsolar.com\/wp-content\/uploads\/2024\/12\/cropped-cropped-Megawa-Solar500-300x54-1.png\",\"width\":300,\"height\":54,\"caption\":\"Megawa Solar\"},\"image\":{\"@id\":\"https:\/\/www.mgwsolar.com\/es\/#\/schema\/logo\/image\/\"}}]}<\/script>\n<!-- \/ Yoast SEO plugin. -->","yoast_head_json":{"title":"Cookie policy - Megawa Solar","robots":{"index":"index","follow":"follow","max-snippet":"max-snippet:-1","max-image-preview":"max-image-preview:large","max-video-preview":"max-video-preview:-1"},"canonical":"https:\/\/www.mgwsolar.com\/de\/cookie-policy\/","og_locale":"de_DE","og_type":"article","og_title":"Cookie policy - Megawa Solar","og_description":"Interpretation and Definitions Interpretation The words of which the initial letter is capitalized have meanings defined under the following conditions. The following definitions shall have the same meaning regardless of whether they appear in singular or in plural. Definitions For the purposes of this Cookies Policy: \u2022 \u201cCompany\u201d (referred to as either &#8220;the Company&#8221;, &#8220;We&#8221;,&hellip;","og_url":"https:\/\/www.mgwsolar.com\/de\/cookie-policy\/","og_site_name":"Megawa Solar","article_modified_time":"2025-01-10T04:31:27+00:00","twitter_card":"summary_large_image","twitter_misc":{"Gesch\u00e4tzte Lesezeit":"3\u00a0Minuten"},"schema":{"@context":"https:\/\/schema.org","@graph":[{"@type":"WebPage","@id":"https:\/\/www.mgwsolar.com\/ar\/cookie-policy\/","url":"https:\/\/www.mgwsolar.com\/ar\/cookie-policy\/","name":"Cookie policy - Megawa Solar","isPartOf":{"@id":"https:\/\/www.mgwsolar.com\/es\/#website"},"datePublished":"2022-09-06T11:49:32+00:00","dateModified":"2025-01-10T04:31:27+00:00","breadcrumb":{"@id":"https:\/\/www.mgwsolar.com\/ar\/cookie-policy\/#breadcrumb"},"inLanguage":"de","potentialAction":[{"@type":"ReadAction","target":["https:\/\/www.mgwsolar.com\/ar\/cookie-policy\/"]}]},{"@type":"BreadcrumbList","@id":"https:\/\/www.mgwsolar.com\/ar\/cookie-policy\/#breadcrumb","itemListElement":[{"@type":"ListItem","position":1,"name":"Home","item":"https:\/\/www.mgwsolar.com\/es\/"},{"@type":"ListItem","position":2,"name":"Cookie policy"}]},{"@type":"WebSite","@id":"https:\/\/www.mgwsolar.com\/es\/#website","url":"https:\/\/www.mgwsolar.com\/es\/","name":"Megawa Solar","description":"Megawa Official","publisher":{"@id":"https:\/\/www.mgwsolar.com\/es\/#organization"},"alternateName":"Megawa","potentialAction":[{"@type":"SearchAction","target":{"@type":"EntryPoint","urlTemplate":"https:\/\/www.mgwsolar.com\/es\/?s={search_term_string}"},"query-input":{"@type":"PropertyValueSpecification","valueRequired":true,"valueName":"search_term_string"}}],"inLanguage":"de"},{"@type":"Organization","@id":"https:\/\/www.mgwsolar.com\/es\/#organization","name":"Megawa Solar","alternateName":"Megawa","url":"https:\/\/www.mgwsolar.com\/es\/","logo":{"@type":"ImageObject","inLanguage":"de","@id":"https:\/\/www.mgwsolar.com\/es\/#\/schema\/logo\/image\/","url":"https:\/\/www.mgwsolar.com\/wp-content\/uploads\/2024\/12\/cropped-cropped-Megawa-Solar500-300x54-1.png","contentUrl":"https:\/\/www.mgwsolar.com\/wp-content\/uploads\/2024\/12\/cropped-cropped-Megawa-Solar500-300x54-1.png","width":300,"height":54,"caption":"Megawa Solar"},"image":{"@id":"https:\/\/www.mgwsolar.com\/es\/#\/schema\/logo\/image\/"}}]}},"_links":{"self":[{"href":"https:\/\/www.mgwsolar.com\/de\/wp-json\/wp\/v2\/pages\/8787","targetHints":{"allow":["GET"]}}],"collection":[{"href":"https:\/\/www.mgwsolar.com\/de\/wp-json\/wp\/v2\/pages"}],"about":[{"href":"https:\/\/www.mgwsolar.com\/de\/wp-json\/wp\/v2\/types\/page"}],"author":[{"embeddable":true,"href":"https:\/\/www.mgwsolar.com\/de\/wp-json\/wp\/v2\/users\/1"}],"replies":[{"embeddable":true,"href":"https:\/\/www.mgwsolar.com\/de\/wp-json\/wp\/v2\/comments?post=8787"}],"version-history":[{"count":0,"href":"https:\/\/www.mgwsolar.com\/de\/wp-json\/wp\/v2\/pages\/8787\/revisions"}],"wp:attachment":[{"href":"https:\/\/www.mgwsolar.com\/de\/wp-json\/wp\/v2\/media?parent=8787"}],"curies":[{"name":"wp","href":"https:\/\/api.w.org\/{rel}","templated":true}]}}