{"id":8787,"date":"2022-09-06T11:49:32","date_gmt":"2022-09-06T11:49:32","guid":{"rendered":"https:\/\/mgwsolar.com\/cookie-policy\/"},"modified":"2025-01-10T12:31:27","modified_gmt":"2025-01-10T04:31:27","slug":"cookie-policy","status":"publish","type":"page","link":"https:\/\/www.mgwsolar.com\/es\/cookie-policy\/","title":{"rendered":"Pol\u00edtica de cookies"},"content":{"rendered":"<div data-elementor-type=\"wp-page\" data-elementor-id=\"8787\" class=\"elementor elementor-8787\" data-elementor-post-type=\"page\">\n\t\t\t\t<div class=\"elementor-element elementor-element-ce58485 e-flex e-con-boxed e-con e-parent\" data-id=\"ce58485\" data-element_type=\"container\" data-e-type=\"container\">\n\t\t\t\t\t<div class=\"e-con-inner\">\n\t\t\t\t<div class=\"elementor-element elementor-element-4e39789 elementor-widget elementor-widget-text-editor\" data-id=\"4e39789\" data-element_type=\"widget\" data-e-type=\"widget\" data-widget_type=\"text-editor.default\">\n\t\t\t\t<div class=\"elementor-widget-container\">\n\t\t\t\t\t\t\t\t\t<h2>Interpretaci\u00f3n y definiciones<\/h2><h3>Interpretaci\u00f3n<\/h3><p>Las palabras cuya inicial aparece en may\u00fascula tienen los significados que se definen a continuaci\u00f3n. Las siguientes definiciones tendr\u00e1n el mismo significado independientemente de que aparezcan en singular o en plural.<\/p><hr class=\"the7-p-gap\" style=\"padding-bottom: 30px;\" data-wp-editing=\"1\" \/><h3>Definiciones<\/h3><p>A los efectos de la presente Pol\u00edtica de Cookies:<\/p><p>- \"Empresa\" (referida como \"la Empresa\", \"Nosotros\", \"Nos\" o \"Nuestro\" en esta Pol\u00edtica de Cookies) se refiere a [Megawa Solar].<\/p><p>- \"Cookies\" se refiere a peque\u00f1os archivos que se colocan en Su ordenador, dispositivo m\u00f3vil o cualquier otro dispositivo por un sitio web, conteniendo detalles de su historial de navegaci\u00f3n en ese sitio web entre sus muchos usos.<\/p><p>- \"Sitio web\" se refiere al [sitio web de la empresa Megawa], accesible desde [mgwsolar.com].<\/p><p>- \"Usted\" significa la persona f\u00edsica que accede o utiliza el Sitio Web, o una empresa, o cualquier entidad jur\u00eddica en nombre de la cual dicha persona f\u00edsica accede o utiliza el Sitio Web, seg\u00fan corresponda.<\/p><hr class=\"the7-p-gap\" style=\"padding-bottom: 60px;\" \/><h2>Uso de las cookies<\/h2><h3>Tipo de cookies que utilizamos<\/h3><p>Las cookies pueden ser \"persistentes\" o \"de sesi\u00f3n\". Las Cookies persistentes permanecen en su ordenador personal o dispositivo m\u00f3vil cuando se desconecta, mientras que las Cookies de sesi\u00f3n se eliminan en cuanto cierra su navegador web.<\/p><hr class=\"the7-p-gap\" style=\"padding-bottom: 30px;\" \/><h3>Utilizamos tanto cookies de sesi\u00f3n como cookies persistentes para los fines que se indican a continuaci\u00f3n:<\/h3><p>- Cookies necesarias \/ esenciales Tipo: Cookies de Sesi\u00f3n Administradas por: Nosotros Finalidad: Estas Cookies son esenciales para prestarle los servicios disponibles a trav\u00e9s del Sitio Web y permitirle utilizar algunas de sus funcionalidades. Ayudan a autenticar a los usuarios y a evitar el uso fraudulento de las cuentas de usuario. Sin estas Cookies, los servicios que Usted ha solicitado no pueden ser proporcionados, y s\u00f3lo utilizamos estas Cookies para proporcionarle dichos servicios.<\/p><p>- Pol\u00edtica de Cookies \/ Aviso Aceptaci\u00f3n Tipo de Cookies: Cookies Persistentes Administradas por: Nosotros Finalidad: Estas Cookies identifican si los usuarios han aceptado el uso de cookies en el Sitio Web.<\/p><p>- Funcionalidad Tipo de Cookies: Cookies persistentes Administradas por: Nosotros Finalidad: Estas Cookies nos permiten recordar las elecciones que Usted realiza cuando utiliza el Sitio Web, como recordar sus datos de inicio de sesi\u00f3n o su preferencia de idioma. El objetivo de estas Cookies es proporcionarle una experiencia m\u00e1s personal y evitar que tenga que volver a introducir sus preferencias cada vez que utilice el Sitio Web.<\/p><p>- Cookies de seguimiento y rendimiento Tipo: Cookies Persistentes Administradas por: Terceros Prop\u00f3sito: Estas Cookies se utilizan para rastrear informaci\u00f3n sobre el tr\u00e1fico al Sitio Web y c\u00f3mo los usuarios utilizan el Sitio Web. La informaci\u00f3n recogida a trav\u00e9s de estas Cookies puede identificarle directa o indirectamente como visitante individual. Esto se debe a que la informaci\u00f3n recopilada suele estar vinculada a un identificador seud\u00f3nimo asociado al dispositivo que utiliza para acceder al sitio web. Tambi\u00e9n podemos utilizar estas Cookies para probar nuevos anuncios, p\u00e1ginas, caracter\u00edsticas o nuevas funcionalidades del Sitio Web para ver c\u00f3mo reaccionan nuestros usuarios a ellos.<\/p><hr class=\"the7-p-gap\" style=\"padding-bottom: 60px;\" \/><h2>Sus opciones con respecto a las cookies<\/h2><p>Si prefiere evitar el uso de Cookies en el Sitio Web, primero debe desactivar el uso de Cookies en su navegador y despu\u00e9s eliminar las Cookies guardadas en su navegador asociadas a este sitio web. Puede utilizar esta opci\u00f3n para evitar el uso de Cookies en cualquier momento.<\/p><p>Si no acepta nuestras cookies, es posible que experimente algunos inconvenientes en el uso del sitio web y que algunas funciones no funcionen correctamente.<\/p><p>Si desea eliminar las cookies o indicar a su navegador que las elimine o rechace, visite las p\u00e1ginas de ayuda de su navegador.<\/p><p>Para el navegador web Chrome, visite esta p\u00e1gina de Google: https:\/\/support.google.com\/accounts\/answer\/32050<\/p><p>Para el navegador Internet Explorer, visite esta p\u00e1gina de Microsoft: http:\/\/support.microsoft.com\/kb\/278835<\/p><p>Para el navegador Firefox, visite esta p\u00e1gina de Mozilla: https:\/\/support.mozilla.org\/en-US\/kb\/delete-cookies-remove-info-websites-stored<\/p><p>Para el navegador Safari, visite esta p\u00e1gina de Apple: https:\/\/support.apple.com\/guide\/safari\/manage-cookies-and-website-data-sfri11471\/mac<\/p><p>Para cualquier otro navegador, visite las p\u00e1ginas oficiales de su navegador.<\/p><hr class=\"the7-p-gap\" style=\"padding-bottom: 60px;\" \/><h2>P\u00f3ngase en contacto con nosotros<\/h2><p>Si tiene alguna pregunta sobre esta Pol\u00edtica de Cookies, puede ponerse en contacto con nosotros:<\/p><p>- Visitando esta p\u00e1gina de nuestro sitio web: [<a href=\"https:\/\/www.mgwsolar.com\/es\/\">mgwsolar.com<\/a>]<br \/>- Envi\u00e1ndonos un correo electr\u00f3nico: [<a href=\"mailto:info@mgwsolar.com\">info@mgwsolar.com<\/a>]<\/p>\t\t\t\t\t\t\t\t<\/div>\n\t\t\t\t<\/div>\n\t\t\t\t\t<\/div>\n\t\t\t\t<\/div>\n\t\t\t\t<\/div>","protected":false},"excerpt":{"rendered":"<p>Interpretation and Definitions Interpretation The words of which the initial letter is capitalized have meanings defined under the following conditions. The following definitions shall have the same meaning regardless of whether they appear in singular or in plural. Definitions For the purposes of this Cookies Policy: \u2022 \u201cCompany\u201d (referred to as either &#8220;the Company&#8221;, &#8220;We&#8221;,&hellip;<\/p>","protected":false},"author":1,"featured_media":0,"parent":0,"menu_order":75,"comment_status":"closed","ping_status":"closed","template":"","meta":{"_acf_changed":false,"footnotes":""},"class_list":["post-8787","page","type-page","status-publish","hentry"],"acf":[],"yoast_head":"<!-- This site is optimized with the Yoast SEO plugin v26.2 - https:\/\/yoast.com\/wordpress\/plugins\/seo\/ -->\n<title>Cookie policy - Megawa Solar<\/title>\n<meta name=\"robots\" content=\"index, follow, max-snippet:-1, max-image-preview:large, max-video-preview:-1\" \/>\n<link rel=\"canonical\" href=\"https:\/\/www.mgwsolar.com\/es\/cookie-policy\/\" \/>\n<meta property=\"og:locale\" content=\"es_ES\" \/>\n<meta property=\"og:type\" content=\"article\" \/>\n<meta property=\"og:title\" content=\"Cookie policy - Megawa Solar\" \/>\n<meta property=\"og:description\" content=\"Interpretation and Definitions Interpretation The words of which the initial letter is capitalized have meanings defined under the following conditions. The following definitions shall have the same meaning regardless of whether they appear in singular or in plural. Definitions For the purposes of this Cookies Policy: \u2022 \u201cCompany\u201d (referred to as either &#8220;the Company&#8221;, &#8220;We&#8221;,&hellip;\" \/>\n<meta property=\"og:url\" content=\"https:\/\/www.mgwsolar.com\/es\/cookie-policy\/\" \/>\n<meta property=\"og:site_name\" content=\"Megawa Solar\" \/>\n<meta property=\"article:modified_time\" content=\"2025-01-10T04:31:27+00:00\" \/>\n<meta name=\"twitter:card\" content=\"summary_large_image\" \/>\n<meta name=\"twitter:label1\" content=\"Tiempo de lectura\" \/>\n\t<meta name=\"twitter:data1\" content=\"3 minutos\" \/>\n<script type=\"application\/ld+json\" class=\"yoast-schema-graph\">{\"@context\":\"https:\/\/schema.org\",\"@graph\":[{\"@type\":\"WebPage\",\"@id\":\"https:\/\/www.mgwsolar.com\/ar\/cookie-policy\/\",\"url\":\"https:\/\/www.mgwsolar.com\/ar\/cookie-policy\/\",\"name\":\"Cookie policy - Megawa Solar\",\"isPartOf\":{\"@id\":\"https:\/\/www.mgwsolar.com\/es\/#website\"},\"datePublished\":\"2022-09-06T11:49:32+00:00\",\"dateModified\":\"2025-01-10T04:31:27+00:00\",\"breadcrumb\":{\"@id\":\"https:\/\/www.mgwsolar.com\/ar\/cookie-policy\/#breadcrumb\"},\"inLanguage\":\"es\",\"potentialAction\":[{\"@type\":\"ReadAction\",\"target\":[\"https:\/\/www.mgwsolar.com\/ar\/cookie-policy\/\"]}]},{\"@type\":\"BreadcrumbList\",\"@id\":\"https:\/\/www.mgwsolar.com\/ar\/cookie-policy\/#breadcrumb\",\"itemListElement\":[{\"@type\":\"ListItem\",\"position\":1,\"name\":\"Home\",\"item\":\"https:\/\/www.mgwsolar.com\/es\/\"},{\"@type\":\"ListItem\",\"position\":2,\"name\":\"Cookie policy\"}]},{\"@type\":\"WebSite\",\"@id\":\"https:\/\/www.mgwsolar.com\/es\/#website\",\"url\":\"https:\/\/www.mgwsolar.com\/es\/\",\"name\":\"Megawa Solar\",\"description\":\"Megawa Official\",\"publisher\":{\"@id\":\"https:\/\/www.mgwsolar.com\/es\/#organization\"},\"alternateName\":\"Megawa\",\"potentialAction\":[{\"@type\":\"SearchAction\",\"target\":{\"@type\":\"EntryPoint\",\"urlTemplate\":\"https:\/\/www.mgwsolar.com\/es\/?s={search_term_string}\"},\"query-input\":{\"@type\":\"PropertyValueSpecification\",\"valueRequired\":true,\"valueName\":\"search_term_string\"}}],\"inLanguage\":\"es\"},{\"@type\":\"Organization\",\"@id\":\"https:\/\/www.mgwsolar.com\/es\/#organization\",\"name\":\"Megawa Solar\",\"alternateName\":\"Megawa\",\"url\":\"https:\/\/www.mgwsolar.com\/es\/\",\"logo\":{\"@type\":\"ImageObject\",\"inLanguage\":\"es\",\"@id\":\"https:\/\/www.mgwsolar.com\/es\/#\/schema\/logo\/image\/\",\"url\":\"https:\/\/www.mgwsolar.com\/wp-content\/uploads\/2024\/12\/cropped-cropped-Megawa-Solar500-300x54-1.png\",\"contentUrl\":\"https:\/\/www.mgwsolar.com\/wp-content\/uploads\/2024\/12\/cropped-cropped-Megawa-Solar500-300x54-1.png\",\"width\":300,\"height\":54,\"caption\":\"Megawa Solar\"},\"image\":{\"@id\":\"https:\/\/www.mgwsolar.com\/es\/#\/schema\/logo\/image\/\"}}]}<\/script>\n<!-- \/ Yoast SEO plugin. -->","yoast_head_json":{"title":"Cookie policy - Megawa Solar","robots":{"index":"index","follow":"follow","max-snippet":"max-snippet:-1","max-image-preview":"max-image-preview:large","max-video-preview":"max-video-preview:-1"},"canonical":"https:\/\/www.mgwsolar.com\/es\/cookie-policy\/","og_locale":"es_ES","og_type":"article","og_title":"Cookie policy - Megawa Solar","og_description":"Interpretation and Definitions Interpretation The words of which the initial letter is capitalized have meanings defined under the following conditions. The following definitions shall have the same meaning regardless of whether they appear in singular or in plural. Definitions For the purposes of this Cookies Policy: \u2022 \u201cCompany\u201d (referred to as either &#8220;the Company&#8221;, &#8220;We&#8221;,&hellip;","og_url":"https:\/\/www.mgwsolar.com\/es\/cookie-policy\/","og_site_name":"Megawa Solar","article_modified_time":"2025-01-10T04:31:27+00:00","twitter_card":"summary_large_image","twitter_misc":{"Tiempo de lectura":"3 minutos"},"schema":{"@context":"https:\/\/schema.org","@graph":[{"@type":"WebPage","@id":"https:\/\/www.mgwsolar.com\/ar\/cookie-policy\/","url":"https:\/\/www.mgwsolar.com\/ar\/cookie-policy\/","name":"Cookie policy - Megawa Solar","isPartOf":{"@id":"https:\/\/www.mgwsolar.com\/es\/#website"},"datePublished":"2022-09-06T11:49:32+00:00","dateModified":"2025-01-10T04:31:27+00:00","breadcrumb":{"@id":"https:\/\/www.mgwsolar.com\/ar\/cookie-policy\/#breadcrumb"},"inLanguage":"es","potentialAction":[{"@type":"ReadAction","target":["https:\/\/www.mgwsolar.com\/ar\/cookie-policy\/"]}]},{"@type":"BreadcrumbList","@id":"https:\/\/www.mgwsolar.com\/ar\/cookie-policy\/#breadcrumb","itemListElement":[{"@type":"ListItem","position":1,"name":"Home","item":"https:\/\/www.mgwsolar.com\/es\/"},{"@type":"ListItem","position":2,"name":"Cookie policy"}]},{"@type":"WebSite","@id":"https:\/\/www.mgwsolar.com\/es\/#website","url":"https:\/\/www.mgwsolar.com\/es\/","name":"Megawa Solar","description":"Megawa Official","publisher":{"@id":"https:\/\/www.mgwsolar.com\/es\/#organization"},"alternateName":"Megawa","potentialAction":[{"@type":"SearchAction","target":{"@type":"EntryPoint","urlTemplate":"https:\/\/www.mgwsolar.com\/es\/?s={search_term_string}"},"query-input":{"@type":"PropertyValueSpecification","valueRequired":true,"valueName":"search_term_string"}}],"inLanguage":"es"},{"@type":"Organization","@id":"https:\/\/www.mgwsolar.com\/es\/#organization","name":"Megawa Solar","alternateName":"Megawa","url":"https:\/\/www.mgwsolar.com\/es\/","logo":{"@type":"ImageObject","inLanguage":"es","@id":"https:\/\/www.mgwsolar.com\/es\/#\/schema\/logo\/image\/","url":"https:\/\/www.mgwsolar.com\/wp-content\/uploads\/2024\/12\/cropped-cropped-Megawa-Solar500-300x54-1.png","contentUrl":"https:\/\/www.mgwsolar.com\/wp-content\/uploads\/2024\/12\/cropped-cropped-Megawa-Solar500-300x54-1.png","width":300,"height":54,"caption":"Megawa Solar"},"image":{"@id":"https:\/\/www.mgwsolar.com\/es\/#\/schema\/logo\/image\/"}}]}},"_links":{"self":[{"href":"https:\/\/www.mgwsolar.com\/es\/wp-json\/wp\/v2\/pages\/8787","targetHints":{"allow":["GET"]}}],"collection":[{"href":"https:\/\/www.mgwsolar.com\/es\/wp-json\/wp\/v2\/pages"}],"about":[{"href":"https:\/\/www.mgwsolar.com\/es\/wp-json\/wp\/v2\/types\/page"}],"author":[{"embeddable":true,"href":"https:\/\/www.mgwsolar.com\/es\/wp-json\/wp\/v2\/users\/1"}],"replies":[{"embeddable":true,"href":"https:\/\/www.mgwsolar.com\/es\/wp-json\/wp\/v2\/comments?post=8787"}],"version-history":[{"count":0,"href":"https:\/\/www.mgwsolar.com\/es\/wp-json\/wp\/v2\/pages\/8787\/revisions"}],"wp:attachment":[{"href":"https:\/\/www.mgwsolar.com\/es\/wp-json\/wp\/v2\/media?parent=8787"}],"curies":[{"name":"wp","href":"https:\/\/api.w.org\/{rel}","templated":true}]}}